{"id":17,"date":"2016-03-03T13:27:15","date_gmt":"2016-03-03T13:27:15","guid":{"rendered":"http:\/\/fotonormann.no\/?page_id=17"},"modified":"2016-03-03T14:31:08","modified_gmt":"2016-03-03T14:31:08","slug":"om-foto-normann-2","status":"publish","type":"page","link":"https:\/\/fotonormann.no\/index.php\/om-foto-normann-2\/","title":{"rendered":"Om Fotografene Rolf og Solveig Normann"},"content":{"rendered":"<p><strong>Solveig Normann<\/strong> var Trondheims f\u00f8rste kvinnelige fotograf og tok sin utdanning p\u00e5 Fagskolen i Trondheim med bl.a. fotograf Hilfling som l\u00e6rer under de f\u00f8rste krigs\u00e5rene. \u00a0Senere begynte hun hos Fotograf R\u00f8ske og R\u00f8stad i Meieribygningen p\u00e5 Buran.\u00a0Fotograf Hilfling sin bedrift ble overtatt av Fotograf Melhuus p\u00e5 60-tallet. R\u00f8ske og R\u00f8stad as ble overtatt av Fotograf Normann som videref\u00f8rte driften i Innherredsveien 85 p\u00e5 Rosendal.<\/p>\n<p><img decoding=\"async\" loading=\"lazy\" class=\"alignnone size-medium wp-image-10\" src=\"https:\/\/fotonormann.no\/wp-content\/uploads\/2016\/03\/RR_1943_1-300x196.jpg\" alt=\"RR_1943_1\" width=\"300\" height=\"196\" srcset=\"https:\/\/fotonormann.no\/wp-content\/uploads\/2016\/03\/RR_1943_1-300x196.jpg 300w, https:\/\/fotonormann.no\/wp-content\/uploads\/2016\/03\/RR_1943_1.jpg 498w\" sizes=\"(max-width: 300px) 100vw, 300px\" \/><\/p>\n<p>P\u00e5 bildet ser vi Solveig sammen med Anton R\u00f8ske og Martin R\u00f8stad p\u00e5 hver ende av bordet.<\/p>\n<p><strong>Fotograf Normann<\/strong> besto av fotografene Rolf og Solveig Normann. I sitt arkiv hadde de mange bilder og negativer fra folk og fe i gamle Trondheim. Det gamle arkivet ble donert til VSB (Vitenskapens \u00a0selskaps museums bibliotek) i Trondheim, n\u00e5 NTNU universitetsbibliotek, og er idag oppbevart i Dora i Trondheim.<br \/>\n<strong>Normann har bruksrett til \u00e5 kopiere fra arkivet til R\u00f8ske og R\u00f8stad<\/strong>, som finnes i Universitetsbiblioteket i Trondheim.<\/p>\n<p><img decoding=\"async\" loading=\"lazy\" class=\"alignnone size-medium wp-image-18\" src=\"https:\/\/fotonormann.no\/wp-content\/uploads\/2016\/03\/RR-I-00162-300x200.jpg\" alt=\"RR-I-00162\" width=\"300\" height=\"200\" srcset=\"https:\/\/fotonormann.no\/wp-content\/uploads\/2016\/03\/RR-I-00162-300x200.jpg 300w, https:\/\/fotonormann.no\/wp-content\/uploads\/2016\/03\/RR-I-00162.jpg 640w\" sizes=\"(max-width: 300px) 100vw, 300px\" \/><\/p>\n<p>Bildet viser inne p\u00e5 atelieret hos R\u00f8ske og R\u00f8stad<\/p>\n<p>Anton R\u00f8ske<br \/>\nF\u00f8dt i Trondhjem 16.01.1878, d\u00f8d 05.05.1961 I l\u00e6re hos Aune 1891-, arbeidet i 1900 en tid i Stockholm, i Dresden og Berlin 1901- 05, senere studieturer til Tyskland, London og Paris. Startet egen forretning i 1908 i Olav Trygvasonsgd., hvor han var til han 1.9.1934 gikk i kompaniskap med M. R\u00f8stad, firmaet &#8220;R\u00f8ske &amp; R\u00f8stad A\/S&#8221;. Deres arkiv er deponert i VSB. Firmaet ble overtatt av &#8220;A\/S Foto, Rolf Normann&#8221;, men er visstnok opph\u00f8rt. Oldermann i Nordenfjeldske Fotografers Forening og \u00e6resmedlem Norges Fotografforbund 1948. Fotograf Rolf Normann flyttet i 1990 til B\u00f8rsa, S\u00f8r-Tr\u00f8ndelag, hvor han etablerte seg p\u00e5 nytt. <strong>Normann har bruksrett til \u00e5 kopiere fra arkivet til R\u00f8ske og R\u00f8stad<\/strong>, som finnes i Universitetsbiblioteket i Trondheim.<\/p>\n","protected":false},"excerpt":{"rendered":"<p>Solveig Normann var Trondheims f\u00f8rste kvinnelige fotograf og tok sin utdanning p\u00e5 Fagskolen i Trondheim med bl.a. fotograf Hilfling som l\u00e6rer under de f\u00f8rste krigs\u00e5rene. \u00a0Senere begynte hun hos Fotograf R\u00f8ske og R\u00f8stad i Meieribygningen p\u00e5 Buran.\u00a0Fotograf Hilfling sin bedrift ble overtatt av Fotograf Melhuus p\u00e5 60-tallet. R\u00f8ske og R\u00f8stad as ble overtatt av Fotograf [&hellip;]<\/p>\n","protected":false},"author":1,"featured_media":0,"parent":0,"menu_order":0,"comment_status":"closed","ping_status":"closed","template":"","meta":{"ngg_post_thumbnail":0,"footnotes":""},"_links":{"self":[{"href":"https:\/\/fotonormann.no\/index.php\/wp-json\/wp\/v2\/pages\/17"}],"collection":[{"href":"https:\/\/fotonormann.no\/index.php\/wp-json\/wp\/v2\/pages"}],"about":[{"href":"https:\/\/fotonormann.no\/index.php\/wp-json\/wp\/v2\/types\/page"}],"author":[{"embeddable":true,"href":"https:\/\/fotonormann.no\/index.php\/wp-json\/wp\/v2\/users\/1"}],"replies":[{"embeddable":true,"href":"https:\/\/fotonormann.no\/index.php\/wp-json\/wp\/v2\/comments?post=17"}],"version-history":[{"count":7,"href":"https:\/\/fotonormann.no\/index.php\/wp-json\/wp\/v2\/pages\/17\/revisions"}],"predecessor-version":[{"id":35,"href":"https:\/\/fotonormann.no\/index.php\/wp-json\/wp\/v2\/pages\/17\/revisions\/35"}],"wp:attachment":[{"href":"https:\/\/fotonormann.no\/index.php\/wp-json\/wp\/v2\/media?parent=17"}],"curies":[{"name":"wp","href":"https:\/\/api.w.org\/{rel}","templated":true}]}}